{"id":42,"date":"2015-03-19T10:50:46","date_gmt":"2015-03-19T10:50:46","guid":{"rendered":"http:\/\/teff.holub.co.at\/wordpress\/?page_id=42"},"modified":"2017-01-29T14:32:01","modified_gmt":"2017-01-29T13:32:01","slug":"welcome","status":"publish","type":"page","link":"https:\/\/www.edle-tropfen.at\/wordpress\/","title":{"rendered":"Home"},"content":{"rendered":"<p>[et_pb_section admin_label=&#8220;section&#8220; fullwidth=&#8220;on&#8220; specialty=&#8220;off&#8220; transparent_background=&#8220;off&#8220; background_color=&#8220;#ffffff&#8220; allow_player_pause=&#8220;off&#8220; inner_shadow=&#8220;off&#8220; parallax=&#8220;off&#8220; parallax_method=&#8220;off&#8220;][et_pb_fullwidth_slider admin_label=&#8220;Fullwidth Slider&#8220; show_arrows=&#8220;on&#8220; show_pagination=&#8220;on&#8220; auto=&#8220;on&#8220; parallax=&#8220;off&#8220; parallax_method=&#8220;off&#8220; auto_speed=&#8220;4000&#8243; auto_ignore_hover=&#8220;off&#8220; remove_inner_shadow=&#8220;off&#8220; background_position=&#8220;default&#8220; background_size=&#8220;default&#8220; hide_content_on_mobile=&#8220;off&#8220; hide_cta_on_mobile=&#8220;off&#8220; show_image_video_mobile=&#8220;off&#8220; custom_button=&#8220;off&#8220; button_letter_spacing=&#8220;0&#8243; button_use_icon=&#8220;default&#8220; button_icon_placement=&#8220;right&#8220; button_on_hover=&#8220;on&#8220; button_letter_spacing_hover=&#8220;0&#8243;] [et_pb_slide heading=&#8220;Finden Sie uns auch auf myProduct.at!&#8220; button_text=&#8220;Zu myProduct.at&#8220; button_link=&#8220;https:\/\/www.myproduct.at\/edle-tropfen-selinschek&#8220; background_image=&#8220;http:\/\/www.edle-tropfen.at\/wordpress\/wp-content\/uploads\/2015\/03\/regal.png&#8220; background_position=&#8220;default&#8220; background_size=&#8220;default&#8220; background_color=&#8220;#ffffff&#8220; image=&#8220;http:\/\/www.edle-tropfen.at\/wordpress\/wp-content\/uploads\/2015\/03\/myProduct_Logoretinadesktop.png&#8220; use_bg_overlay=&#8220;on&#8220; use_text_overlay=&#8220;off&#8220; alignment=&#8220;center&#8220; background_layout=&#8220;light&#8220; allow_player_pause=&#8220;off&#8220; text_border_radius=&#8220;3&#8243; header_font_select=&#8220;default&#8220; header_font=&#8220;||||&#8220; body_font_select=&#8220;default&#8220; body_font=&#8220;||||&#8220; custom_button=&#8220;off&#8220; button_font_select=&#8220;default&#8220; button_font=&#8220;||||&#8220; button_use_icon=&#8220;default&#8220; button_icon_placement=&#8220;right&#8220; button_on_hover=&#8220;on&#8220; bg_overlay_color=&#8220;rgba(255,255,255,0.79)&#8220; text_overlay_color=&#8220;rgba(255,255,255,0.77)&#8220;]<\/p>\n<p>Alles unsere Produkte k\u00f6nnen Sie bequem jederzeit online bestellen und sich nach Hause liefern lassen.<\/p>\n<p>[\/et_pb_slide][et_pb_slide heading=&#8220;Gin &#8211; Jetzt neu im Sortiment!&#8220; button_text=&#8220;Zum Gin&#8220; button_link=&#8220;http:\/\/www.edle-tropfen.at\/wordpress\/?page_id=570&#8243; background_image=&#8220;http:\/\/www.edle-tropfen.at\/wordpress\/wp-content\/uploads\/2017\/01\/kraeuter.jpg&#8220; background_position=&#8220;default&#8220; background_size=&#8220;default&#8220; background_color=&#8220;#ffffff&#8220; image=&#8220;http:\/\/www.edle-tropfen.at\/wordpress\/wp-content\/uploads\/2017\/01\/gin-tonic-1859465_1920.jpg&#8220; use_bg_overlay=&#8220;on&#8220; use_text_overlay=&#8220;off&#8220; alignment=&#8220;center&#8220; background_layout=&#8220;light&#8220; allow_player_pause=&#8220;off&#8220; text_border_radius=&#8220;3&#8243; header_font_select=&#8220;default&#8220; header_font=&#8220;||||&#8220; body_font_select=&#8220;default&#8220; body_font=&#8220;||||&#8220; custom_button=&#8220;off&#8220; button_font_select=&#8220;default&#8220; button_font=&#8220;||||&#8220; button_use_icon=&#8220;default&#8220; button_icon_placement=&#8220;right&#8220; button_on_hover=&#8220;on&#8220; bg_overlay_color=&#8220;rgba(255,255,255,0.79)&#8220; text_overlay_color=&#8220;rgba(255,255,255,0.77)&#8220;]<\/p>\n<p>Die Kombination aus handverlesenen Kr\u00e4utern macht unseren Gin zu etwas Au\u00dfergew\u00f6hnlichem!<\/p>\n<p>[\/et_pb_slide][et_pb_slide heading=&#8220;Folgen Sie uns auf Facebook!&#8220; button_text=&#8220;zu Facebook&#8220; image=&#8220;http:\/\/www.edle-tropfen.at\/wordpress\/wp-content\/uploads\/2015\/03\/Logo-mit-Facebook.jpg&#8220; alignment=&#8220;center&#8220; background_layout=&#8220;light&#8220; button_link=&#8220;https:\/\/www.facebook.com\/EDLE-Tropfen-Selinschek-298341030364631\/?ref=ts&amp;fref=ts&#8220; background_image=&#8220;http:\/\/www.edle-tropfen.at\/wordpress\/wp-content\/uploads\/2015\/03\/background2.png&#8220; allow_player_pause=&#8220;off&#8220; background_color=&#8220;#ffffff&#8220; background_position=&#8220;default&#8220; background_size=&#8220;default&#8220; header_font_select=&#8220;default&#8220; body_font_select=&#8220;default&#8220; custom_button=&#8220;off&#8220; button_font_select=&#8220;default&#8220; button_use_icon=&#8220;default&#8220; button_icon_placement=&#8220;right&#8220; button_on_hover=&#8220;on&#8220;]<\/p>\n<p>Folgen Sie uns auf Facebook und erfahren Sie immer aktuelle News zu unseren Produkten und Veranstaltungen!<\/p>\n<p>[\/et_pb_slide][et_pb_slide heading=&#8220;zum Genusshof&#8220; button_text=&#8220;Zum Hof&#8220; button_link=&#8220;http:\/\/www.edle-tropfen.at\/wordpress\/?page_id=154&#8243; background_image=&#8220;http:\/\/www.edle-tropfen.at\/wordpress\/wp-content\/uploads\/2015\/03\/slider_bg.png&#8220; background_color=&#8220;#ffffff&#8220; alignment=&#8220;center&#8220; background_layout=&#8220;light&#8220; allow_player_pause=&#8220;off&#8220; image=&#8220;http:\/\/www.edle-tropfen.at\/wordpress\/wp-content\/uploads\/2015\/03\/IMG_3653_DxO.jpg&#8220; background_position=&#8220;default&#8220; background_size=&#8220;default&#8220; header_font_select=&#8220;default&#8220; body_font_select=&#8220;default&#8220; custom_button=&#8220;off&#8220; button_font_select=&#8220;default&#8220; button_use_icon=&#8220;default&#8220; button_icon_placement=&#8220;right&#8220; button_on_hover=&#8220;on&#8220;]<\/p>\n<p>In der Gallerie k\u00f6nnen Sie ein paar Eindr\u00fccke unseres Genusshofs bekommen.<\/p>\n<p>[\/et_pb_slide][et_pb_slide heading=&#8220;Steirisches K\u00fcrbiskern\u00f6l g.g.A.&#8220; background_image=&#8220;http:\/\/www.edle-tropfen.at\/wordpress\/wp-content\/uploads\/2015\/03\/2050052_lmhle116_cPixelmaker_30_transparent.png&#8220; background_color=&#8220;#ffffff&#8220; alignment=&#8220;center&#8220; background_layout=&#8220;light&#8220; allow_player_pause=&#8220;off&#8220; image=&#8220;http:\/\/www.edle-tropfen.at\/wordpress\/wp-content\/uploads\/2015\/03\/2050089_Kuerbispflanzen__0025_cPixelmaker.jpg&#8220; button_text=&#8220;Zum K\u00fcrbiskern\u00f6l&#8220; button_link=&#8220;http:\/\/www.edle-tropfen.at\/wordpress\/?page_id=216&#8243; background_position=&#8220;default&#8220; background_size=&#8220;default&#8220; header_font_select=&#8220;default&#8220; body_font_select=&#8220;default&#8220; custom_button=&#8220;off&#8220; button_font_select=&#8220;default&#8220; button_use_icon=&#8220;default&#8220; button_icon_placement=&#8220;right&#8220; button_on_hover=&#8220;on&#8220;]<\/p>\n<p>Die Ernte der K\u00fcrbiskerne ist nun vorbei.<\/p>\n<p>Lesen Sie mehr \u00fcber unser bestes steirisches K\u00fcrbiskern\u00f6l!<\/p>\n<p>[\/et_pb_slide][et_pb_slide heading=&#8220;Edelbr\u00e4nde&#8220; button_text=&#8220;Zu den Edelbr\u00e4nden&#8220; background_image=&#8220;http:\/\/www.edle-tropfen.at\/wordpress\/wp-content\/uploads\/2015\/03\/background2.png&#8220; background_position=&#8220;default&#8220; background_size=&#8220;default&#8220; background_color=&#8220;#ffffff&#8220; image=&#8220;http:\/\/www.edle-tropfen.at\/wordpress\/wp-content\/uploads\/2015\/03\/IMG_3611_DxO.jpg&#8220; alignment=&#8220;center&#8220; background_layout=&#8220;light&#8220; allow_player_pause=&#8220;off&#8220; header_font_select=&#8220;default&#8220; body_font_select=&#8220;default&#8220; custom_button=&#8220;off&#8220; button_font_select=&#8220;default&#8220; button_use_icon=&#8220;default&#8220; button_icon_placement=&#8220;right&#8220; button_on_hover=&#8220;on&#8220; button_link=&#8220;http:\/\/www.edle-tropfen.at\/wordpress\/?page_id=198&#8243;]<\/p>\n<h1>Edelbr\u00e4nde aus unserer hauseigenen Brennerei<\/h1>\n<p>Seit 2008 produzieren wir Edelbr\u00e4nde die durch klare Aromen und nat\u00fcrlicher Milde \u00fcberzeugen.<\/p>\n<p>[\/et_pb_slide] [\/et_pb_fullwidth_slider][\/et_pb_section]<\/p>\n","protected":false},"excerpt":{"rendered":"<p>[et_pb_section admin_label=&#8220;section&#8220; fullwidth=&#8220;on&#8220; specialty=&#8220;off&#8220; transparent_background=&#8220;off&#8220; background_color=&#8220;#ffffff&#8220; allow_player_pause=&#8220;off&#8220; inner_shadow=&#8220;off&#8220; parallax=&#8220;off&#8220; parallax_method=&#8220;off&#8220;][et_pb_fullwidth_slider admin_label=&#8220;Fullwidth Slider&#8220; show_arrows=&#8220;on&#8220; show_pagination=&#8220;on&#8220; auto=&#8220;on&#8220; parallax=&#8220;off&#8220; parallax_method=&#8220;off&#8220; auto_speed=&#8220;4000&#8243; auto_ignore_hover=&#8220;off&#8220; remove_inner_shadow=&#8220;off&#8220; background_position=&#8220;default&#8220; background_size=&#8220;default&#8220; hide_content_on_mobile=&#8220;off&#8220; hide_cta_on_mobile=&#8220;off&#8220; show_image_video_mobile=&#8220;off&#8220; custom_button=&#8220;off&#8220; button_letter_spacing=&#8220;0&#8243; button_use_icon=&#8220;default&#8220; button_icon_placement=&#8220;right&#8220; button_on_hover=&#8220;on&#8220; button_letter_spacing_hover=&#8220;0&#8243;] [et_pb_slide heading=&#8220;Finden Sie uns auch auf myProduct.at!&#8220; button_text=&#8220;Zu myProduct.at&#8220; button_link=&#8220;https:\/\/www.myproduct.at\/edle-tropfen-selinschek&#8220; background_image=&#8220;http:\/\/www.edle-tropfen.at\/wordpress\/wp-content\/uploads\/2015\/03\/regal.png&#8220; background_position=&#8220;default&#8220; background_size=&#8220;default&#8220; background_color=&#8220;#ffffff&#8220; image=&#8220;http:\/\/www.edle-tropfen.at\/wordpress\/wp-content\/uploads\/2015\/03\/myProduct_Logoretinadesktop.png&#8220; use_bg_overlay=&#8220;on&#8220; use_text_overlay=&#8220;off&#8220; alignment=&#8220;center&#8220; background_layout=&#8220;light&#8220; allow_player_pause=&#8220;off&#8220; text_border_radius=&#8220;3&#8243; header_font_select=&#8220;default&#8220; header_font=&#8220;||||&#8220; body_font_select=&#8220;default&#8220; [&hellip;]<\/p>\n","protected":false},"author":1,"featured_media":0,"parent":0,"menu_order":0,"comment_status":"open","ping_status":"open","template":"","meta":[],"_links":{"self":[{"href":"https:\/\/www.edle-tropfen.at\/wordpress\/index.php?rest_route=\/wp\/v2\/pages\/42"}],"collection":[{"href":"https:\/\/www.edle-tropfen.at\/wordpress\/index.php?rest_route=\/wp\/v2\/pages"}],"about":[{"href":"https:\/\/www.edle-tropfen.at\/wordpress\/index.php?rest_route=\/wp\/v2\/types\/page"}],"author":[{"embeddable":true,"href":"https:\/\/www.edle-tropfen.at\/wordpress\/index.php?rest_route=\/wp\/v2\/users\/1"}],"replies":[{"embeddable":true,"href":"https:\/\/www.edle-tropfen.at\/wordpress\/index.php?rest_route=%2Fwp%2Fv2%2Fcomments&post=42"}],"version-history":[{"count":53,"href":"https:\/\/www.edle-tropfen.at\/wordpress\/index.php?rest_route=\/wp\/v2\/pages\/42\/revisions"}],"predecessor-version":[{"id":609,"href":"https:\/\/www.edle-tropfen.at\/wordpress\/index.php?rest_route=\/wp\/v2\/pages\/42\/revisions\/609"}],"wp:attachment":[{"href":"https:\/\/www.edle-tropfen.at\/wordpress\/index.php?rest_route=%2Fwp%2Fv2%2Fmedia&parent=42"}],"curies":[{"name":"wp","href":"https:\/\/api.w.org\/{rel}","templated":true}]}}