{"id":241,"date":"2015-03-22T11:02:35","date_gmt":"2015-03-22T10:02:35","guid":{"rendered":"http:\/\/teff.holub.co.at\/wordpress\/?page_id=241"},"modified":"2016-11-23T19:48:46","modified_gmt":"2016-11-23T18:48:46","slug":"impessum","status":"publish","type":"page","link":"https:\/\/www.edle-tropfen.at\/wordpress\/?page_id=241","title":{"rendered":"Impressum"},"content":{"rendered":"<p>[et_pb_section admin_label=&#8220;section&#8220; fullwidth=&#8220;off&#8220; specialty=&#8220;off&#8220; transparent_background=&#8220;off&#8220; allow_player_pause=&#8220;off&#8220; inner_shadow=&#8220;on&#8220; parallax=&#8220;off&#8220; parallax_method=&#8220;off&#8220; background_color=&#8220;#f2f2f2&#8243;][et_pb_row admin_label=&#8220;row&#8220;][et_pb_column type=&#8220;4_4&#8243;][et_pb_text admin_label=&#8220;Text&#8220; background_layout=&#8220;light&#8220; text_orientation=&#8220;left&#8220; use_border_color=&#8220;off&#8220; border_color=&#8220;#ffffff&#8220; border_style=&#8220;solid&#8220;]<\/p>\n<h2>Familie Selinschek<\/h2>\n<p>Pichla 3<br \/>\n8481 S\u00fcdoststeiermark<br \/>\nTel.: 0664\/44 20 782<br \/>\nHomepage: <a href=\"www.edle-tropfen.at\">www.edle-tropfen.at<\/a><br \/>\nEdelbr\u00e4nde, Lik\u00f6re, Steirisches K\u00fcrbiskern\u00f6l, S\u00e4fte<\/p>\n<p>[\/et_pb_text][\/et_pb_column][\/et_pb_row][\/et_pb_section][et_pb_section admin_label=&#8220;section&#8220;][et_pb_row admin_label=&#8220;row&#8220;][et_pb_column type=&#8220;4_4&#8243;][et_pb_text admin_label=&#8220;Text&#8220; background_layout=&#8220;light&#8220; text_orientation=&#8220;left&#8220;]<\/p>\n<p>Icons made by <a title=\"Freepik\" href=\"http:\/\/www.flaticon.com\/authors\/freepik\">Freepik<\/a> from <a title=\"Flaticon\" href=\"http:\/\/www.flaticon.com\">www.flaticon.com<\/a> is licensed by <a title=\"Creative Commons BY 3.0\" href=\"http:\/\/creativecommons.org\/licenses\/by\/3.0\/\">CC BY 3.0<\/a><\/p>\n<p>&nbsp;<\/p>\n<h4>Datenschutzerkl\u00e4rung<\/h4>\n<h5>(1) Haftungsbeschr\u00e4nkung<\/h5>\n<h6>Inhalte dieser Website<\/h6>\n<p>Die Inhalte dieser Website werden mit gr\u00f6\u00dftm\u00f6glicher Sorgfalt erstellt. Der Anbieter \u00fcbernimmt jedoch keine Gew\u00e4hr f\u00fcr die Richtigkeit, Vollst\u00e4ndigkeit und Aktualit\u00e4t der bereitgestellten Inhalte. Die Nutzung der abrufbaren Inhalte erfolgt auf eigene Gefahr des Nutzers. Namentlich gekennzeichnete Beitr\u00e4ge geben die Meinung des jeweiligen Autors und nicht immer die Meinung des Anbieters wieder.<\/p>\n<h6>Externe Links<\/h6>\n<p>Diese Website enth\u00e4lt Verkn\u00fcpfungen zu Websites Dritter (\u201eexterne Links\u201c). Diese Websites unterliegen der Haftung der jeweiligen Betreiber. Der Anbieter hat keinerlei Einfluss auf die aktuelle und zuk\u00fcnftige Gestaltung und auf die Inhalte der verkn\u00fcpften Seiten.<\/p>\n<h6>Kein Vertragsverh\u00e4ltnis<\/h6>\n<p>Mit der Nutzung der Website des Anbieters kommt keinerlei Vertragsverh\u00e4ltnis zwischen dem Nutzer und dem Anbieter zustande. Insofern ergeben sich auch keinerlei vertragliche oder quasivertragliche Anspr\u00fcche gegen den Anbieter. F\u00fcr den Fall, dass die Nutzung der Website doch zu einem Vertragsverh\u00e4ltnis f\u00fchren sollte, gilt rein vorsorglich nachfolgende Haftungsbeschr\u00e4nkung: Der Anbieter haftet f\u00fcr Vorsatz und grobe Fahrl\u00e4ssigkeit sowie bei Verletzung einer wesentlichen Vertragspflicht (Kardinalpflicht). Der Anbieter haftet unter Begrenzung auf Ersatz des bei Vertragsabschluss vorhersehbaren vertragstypischen Schadens f\u00fcr solche Sch\u00e4den, die auf einer leicht fahrl\u00e4ssigen Verletzung von Kardinalpflichten durch ihn oder eines seiner gesetzlichen Vertreter oder Erf\u00fcllungsgehilfen beruhen. Bei leicht fahrl\u00e4ssiger Verletzung von Nebenpflichten, die keine Kardinalpflichten sind, haftet der Anbieter nicht. Die Haftung f\u00fcr Sch\u00e4den, die in den Schutzbereich einer vom Anbieter gegebenen Garantie oder Zusicherung fallen sowie die Haftung f\u00fcr Anspr\u00fcche aufgrund des Produkthaftungsgesetzes und Sch\u00e4den aus der Verletzung des Lebens, des K\u00f6rpers oder der Gesundheit bleibt hiervon unber\u00fchrt.<\/p>\n<h5>(2) Urheberrecht<\/h5>\n<p>Die auf dieser Website ver\u00f6ffentlichen Inhalte und Werke sind urheberrechtlich gesch\u00fctzt. Jede vom deutschen Urheberrecht nicht zugelassene Verwertung bedarf der vorherigen schriftlichen Zustimmung des jeweiligen Autors oder Urhebers. Dies gilt insbesondere f\u00fcr Vervielf\u00e4ltigung, Bearbeitung, \u00dcbersetzung, Einspeicherung, Verarbeitung bzw. Wiedergabe von Inhalten in Datenbanken oder anderen elektronischen Medien und Systemen. Inhalte und Beitr\u00e4ge Dritter sind dabei als solche gekennzeichnet. Die unerlaubte Vervielf\u00e4ltigung oder Weitergabe einzelner Inhalte oder kompletter Seiten ist nicht gestattet und strafbar. Lediglich die Herstellung von Kopien und Downloads f\u00fcr den pers\u00f6nlichen, privaten und nicht kommerziellen Gebrauch ist erlaubt. Links zur Website des Anbieters sind jederzeit willkommen und bed\u00fcrfen keiner Zustimmung durch den Anbieter der Website. Die Darstellung dieser Website in fremden Frames ist nur mit Erlaubnis zul\u00e4ssig.<\/p>\n<h5>(3) Datenschutz<\/h5>\n<p>Durch den Besuch der Website des Anbieters k\u00f6nnen Informationen \u00fcber den Zugriff (Datum, Uhrzeit, betrachtete Seite) auf dem Server gespeichert werden. Diese Daten geh\u00f6ren nicht zu den personenbezogenen Daten, sondern sind anonymisiert. Sie werden ausschlie\u00dflich zu statistischen Zwecken ausgewertet. Eine Weitergabe an Dritte, zu kommerziellen oder nichtkommerziellen Zwecken, findet nicht statt. Des Weiteren k\u00f6nnen Daten auf dem Computer der Websitenutzer gespeichert werden. Diese Daten nennt man \u201eCookie\u201c, die dazu dienen. Das Zugriffsverhalten der Nutzer zu vereinfachen. Der Nutzer hat jedoch die M\u00f6glichkeit, diese Funktion innerhalb des jeweiligen Webbrowsers zu deaktivieren. In diesem Fall kann es jedoch zu Einschr\u00e4nkungen der Bedienbarkeit unserer Website kommen.<\/p>\n<p>Der Anbieter weist ausdr\u00fccklich darauf hin, dass die Daten\u00fcbertragung im Internet (z.B. bei der Kommunikation per E-Mail) Sicherheitsl\u00fccken aufweisen und nicht l\u00fcckenlos vor dem Zugriff durch Dritte gesch\u00fctzt werden kann. Die Verwendung der Kontaktdaten der Anbieterkennzeichnung \u2013 insbesondere der Telefon-\/Faxnummern und E-Mailadresse \u2013 zur gewerblichen Werbung ist ausdr\u00fccklich nicht erw\u00fcnscht, es sei denn der Anbieter hatte zuvor seine schriftliche Einwilligung erteilt oder es besteht bereits ein gesch\u00e4ftlicher Kontakt. Der Anbieter und alle auf dieser Website genannten Personen widersprechen hiermit jeder kommerziellen Verwendung und Weitergabe Ihrer Daten.<\/p>\n<h5>(4) Anwendbares Recht<\/h5>\n<p>Es gilt ausschlie\u00dflich das ma\u00dfgebliche Recht der Bundesrepublik \u00d6sterreich.<\/p>\n<h5>(5) Besondere Nutzungsbedingungen<\/h5>\n<p>Soweit besondere Bedingungen f\u00fcr einzelne Nutzungen dieser Website von den vorgenannten Punkten (1) bis (4) abweichen, wird an entsprechender Stelle ausdr\u00fccklich darauf hingewiesen. In diesem Falle gelten im jeweiligen Einzelfall die besonderen Nutzungsbedingungen<\/p>\n<p>[\/et_pb_text][\/et_pb_column][\/et_pb_row][\/et_pb_section]<\/p>\n","protected":false},"excerpt":{"rendered":"<p>[et_pb_section admin_label=&#8220;section&#8220; fullwidth=&#8220;off&#8220; specialty=&#8220;off&#8220; transparent_background=&#8220;off&#8220; allow_player_pause=&#8220;off&#8220; inner_shadow=&#8220;on&#8220; parallax=&#8220;off&#8220; parallax_method=&#8220;off&#8220; background_color=&#8220;#f2f2f2&#8243;][et_pb_row admin_label=&#8220;row&#8220;][et_pb_column type=&#8220;4_4&#8243;][et_pb_text admin_label=&#8220;Text&#8220; background_layout=&#8220;light&#8220; text_orientation=&#8220;left&#8220; use_border_color=&#8220;off&#8220; border_color=&#8220;#ffffff&#8220; border_style=&#8220;solid&#8220;] Familie Selinschek Pichla 3 8481 S\u00fcdoststeiermark Tel.: 0664\/44 20 782 Homepage: www.edle-tropfen.at Edelbr\u00e4nde, Lik\u00f6re, Steirisches K\u00fcrbiskern\u00f6l, S\u00e4fte [\/et_pb_text][\/et_pb_column][\/et_pb_row][\/et_pb_section][et_pb_section admin_label=&#8220;section&#8220;][et_pb_row admin_label=&#8220;row&#8220;][et_pb_column type=&#8220;4_4&#8243;][et_pb_text admin_label=&#8220;Text&#8220; background_layout=&#8220;light&#8220; text_orientation=&#8220;left&#8220;] Icons made by Freepik from www.flaticon.com is licensed by CC BY 3.0 &nbsp; [&hellip;]<\/p>\n","protected":false},"author":1,"featured_media":0,"parent":0,"menu_order":8,"comment_status":"open","ping_status":"open","template":"","meta":[],"_links":{"self":[{"href":"https:\/\/www.edle-tropfen.at\/wordpress\/index.php?rest_route=\/wp\/v2\/pages\/241"}],"collection":[{"href":"https:\/\/www.edle-tropfen.at\/wordpress\/index.php?rest_route=\/wp\/v2\/pages"}],"about":[{"href":"https:\/\/www.edle-tropfen.at\/wordpress\/index.php?rest_route=\/wp\/v2\/types\/page"}],"author":[{"embeddable":true,"href":"https:\/\/www.edle-tropfen.at\/wordpress\/index.php?rest_route=\/wp\/v2\/users\/1"}],"replies":[{"embeddable":true,"href":"https:\/\/www.edle-tropfen.at\/wordpress\/index.php?rest_route=%2Fwp%2Fv2%2Fcomments&post=241"}],"version-history":[{"count":19,"href":"https:\/\/www.edle-tropfen.at\/wordpress\/index.php?rest_route=\/wp\/v2\/pages\/241\/revisions"}],"predecessor-version":[{"id":567,"href":"https:\/\/www.edle-tropfen.at\/wordpress\/index.php?rest_route=\/wp\/v2\/pages\/241\/revisions\/567"}],"wp:attachment":[{"href":"https:\/\/www.edle-tropfen.at\/wordpress\/index.php?rest_route=%2Fwp%2Fv2%2Fmedia&parent=241"}],"curies":[{"name":"wp","href":"https:\/\/api.w.org\/{rel}","templated":true}]}}