{"id":216,"date":"2015-03-22T09:44:47","date_gmt":"2015-03-22T08:44:47","guid":{"rendered":"http:\/\/teff.holub.co.at\/wordpress\/?page_id=216"},"modified":"2016-11-23T19:31:21","modified_gmt":"2016-11-23T18:31:21","slug":"kuerbiskernoel","status":"publish","type":"page","link":"https:\/\/www.edle-tropfen.at\/wordpress\/?page_id=216","title":{"rendered":"K\u00fcrbiskern\u00f6l"},"content":{"rendered":"<p>[et_pb_section admin_label=&#8220;section&#8220; fullwidth=&#8220;on&#8220; specialty=&#8220;off&#8220; background_color=&#8220;#ffffff&#8220; inner_shadow=&#8220;off&#8220; parallax=&#8220;off&#8220; transparent_background=&#8220;off&#8220; allow_player_pause=&#8220;off&#8220; parallax_method=&#8220;off&#8220;][et_pb_fullwidth_slider admin_label=&#8220;Fullwidth Slider&#8220; show_arrows=&#8220;on&#8220; show_pagination=&#8220;on&#8220; auto=&#8220;off&#8220; parallax=&#8220;off&#8220; parallax_method=&#8220;off&#8220; auto_ignore_hover=&#8220;off&#8220; remove_inner_shadow=&#8220;off&#8220; background_position=&#8220;default&#8220; background_size=&#8220;default&#8220; hide_content_on_mobile=&#8220;off&#8220; hide_cta_on_mobile=&#8220;off&#8220; show_image_video_mobile=&#8220;off&#8220; custom_button=&#8220;off&#8220; button_letter_spacing=&#8220;0&#8243; button_use_icon=&#8220;default&#8220; button_icon_placement=&#8220;right&#8220; button_on_hover=&#8220;on&#8220; button_letter_spacing_hover=&#8220;0&#8243;] [et_pb_slide heading=&#8220;Steirisches K\u00fcrbiskern\u00f6l g.g.A.&#8220; background_color=&#8220;#efefef&#8220; image=&#8220;http:\/\/www.edle-tropfen.at\/wordpress\/wp-content\/uploads\/2015\/03\/2050052_lmhle178_cPixelmaker.jpg&#8220; alignment=&#8220;center&#8220; background_layout=&#8220;light&#8220; allow_player_pause=&#8220;off&#8220; background_image=&#8220;http:\/\/www.edle-tropfen.at\/wordpress\/wp-content\/uploads\/2015\/03\/2050030_Krbis_164_cPixelmaker_30_transparent.png&#8220; background_position=&#8220;default&#8220; background_size=&#8220;default&#8220; header_font_select=&#8220;default&#8220; body_font_select=&#8220;default&#8220; custom_button=&#8220;off&#8220; button_font_select=&#8220;default&#8220; button_use_icon=&#8220;default&#8220; button_icon_placement=&#8220;right&#8220; button_on_hover=&#8220;on&#8220; use_bg_overlay=&#8220;off&#8220; use_text_overlay=&#8220;off&#8220; text_border_radius=&#8220;3&#8243; header_font=&#8220;||||&#8220; body_font=&#8220;||||&#8220; button_font=&#8220;||||&#8220;]<\/p>\n<p>Tiefgr\u00fcn und dickfl\u00fcssig kommt es aus der Kaltpressung und verbreitet ein hinrei\u00dfend nussiges Aroma.<\/p>\n<p>[\/et_pb_slide] [\/et_pb_fullwidth_slider][\/et_pb_section][et_pb_section admin_label=&#8220;section&#8220; fullwidth=&#8220;off&#8220; specialty=&#8220;off&#8220;][et_pb_row admin_label=&#8220;row&#8220;][et_pb_column type=&#8220;1_3&#8243;][et_pb_blurb admin_label=&#8220;Blurb&#8220; title=&#8220;Tradition&#8220; url_new_window=&#8220;off&#8220; use_icon=&#8220;off&#8220; font_icon=&#8220;\ue00e&#8220; icon_color=&#8220;#2ea3f2&#8243; use_circle=&#8220;off&#8220; circle_color=&#8220;#108bf5&#8243; use_circle_border=&#8220;off&#8220; circle_border_color=&#8220;#108bf5&#8243; icon_placement=&#8220;left&#8220; animation=&#8220;top&#8220; background_layout=&#8220;light&#8220; text_orientation=&#8220;center&#8220; image=&#8220;http:\/\/www.edle-tropfen.at\/wordpress\/wp-content\/uploads\/2015\/03\/tractor6_e6b800_32px.png&#8220;] Durch das traditionelle Herstellungsverfahren bleiben die wertvollen Inhaltstoffe weitgehend erhalten. [\/et_pb_blurb][\/et_pb_column][et_pb_column type=&#8220;1_3&#8243;][et_pb_blurb admin_label=&#8220;Blurb&#8220; title=&#8220;Liebe zum Detail&#8220; url_new_window=&#8220;off&#8220; use_icon=&#8220;off&#8220; font_icon=&#8220;1&#8243; icon_color=&#8220;#2ea3f2&#8243; use_circle=&#8220;off&#8220; circle_color=&#8220;#108bf5&#8243; use_circle_border=&#8220;off&#8220; circle_border_color=&#8220;#108bf5&#8243; icon_placement=&#8220;left&#8220; animation=&#8220;top&#8220; background_layout=&#8220;light&#8220; text_orientation=&#8220;center&#8220; image=&#8220;http:\/\/www.edle-tropfen.at\/wordpress\/wp-content\/uploads\/2015\/03\/plant30_36b800_32px.png&#8220;] Unsere K\u00fcrbispflanzen werden mit viel Liebe zum Detail von uns herangezogen. [\/et_pb_blurb][\/et_pb_column][et_pb_column type=&#8220;1_3&#8243;][et_pb_blurb admin_label=&#8220;Blurb&#8220; title=&#8220;Mehrfach pr\u00e4miert&#8220; url_new_window=&#8220;off&#8220; use_icon=&#8220;off&#8220; font_icon=&#8220;\ue00b&#8220; icon_color=&#8220;#2ea3f2&#8243; use_circle=&#8220;off&#8220; circle_color=&#8220;#108bf5&#8243; use_circle_border=&#8220;off&#8220; circle_border_color=&#8220;#108bf5&#8243; icon_placement=&#8220;left&#8220; animation=&#8220;top&#8220; background_layout=&#8220;light&#8220; text_orientation=&#8220;center&#8220; image=&#8220;http:\/\/www.edle-tropfen.at\/wordpress\/wp-content\/uploads\/2015\/03\/insignia_e6b800_32px.png&#8220;] \u00d6lkaiser in der Kategorie \u201eK\u00fcrbiskern\u00f6l\u201c 2013 (Gold), 2014 und 2015 (Silber) [\/et_pb_blurb][\/et_pb_column][\/et_pb_row][\/et_pb_section][et_pb_section admin_label=&#8220;section&#8220; fullwidth=&#8220;off&#8220; specialty=&#8220;off&#8220; background_color=&#8220;#eeeeee&#8220; inner_shadow=&#8220;on&#8220; parallax=&#8220;off&#8220; transparent_background=&#8220;off&#8220; allow_player_pause=&#8220;off&#8220; parallax_method=&#8220;off&#8220; custom_padding=&#8220;||300px|&#8220; padding_mobile=&#8220;off&#8220; make_fullwidth=&#8220;off&#8220; use_custom_width=&#8220;off&#8220; width_unit=&#8220;on&#8220; make_equal=&#8220;off&#8220; use_custom_gutter=&#8220;off&#8220;][et_pb_row admin_label=&#8220;row&#8220; make_fullwidth=&#8220;off&#8220; use_custom_width=&#8220;off&#8220; width_unit=&#8220;on&#8220; use_custom_gutter=&#8220;off&#8220; custom_padding=&#8220;||100px|&#8220; padding_mobile=&#8220;off&#8220; allow_player_pause=&#8220;off&#8220; parallax=&#8220;off&#8220; parallax_method=&#8220;off&#8220; make_equal=&#8220;off&#8220; parallax_1=&#8220;off&#8220; parallax_method_1=&#8220;off&#8220; parallax_2=&#8220;off&#8220; parallax_method_2=&#8220;off&#8220; column_padding_mobile=&#8220;on&#8220;][et_pb_column type=&#8220;1_4&#8243;][et_pb_image admin_label=&#8220;Bild&#8220; src=&#8220;http:\/\/www.edle-tropfen.at\/wordpress\/wp-content\/uploads\/2015\/03\/oelkaiser1-e1427146904409.png&#8220; show_in_lightbox=&#8220;off&#8220; url_new_window=&#8220;off&#8220; animation=&#8220;off&#8220; sticky=&#8220;on&#8220; align=&#8220;left&#8220; force_fullwidth=&#8220;off&#8220; always_center_on_mobile=&#8220;on&#8220; use_border_color=&#8220;off&#8220; border_color=&#8220;#ffffff&#8220; border_style=&#8220;solid&#8220;] [\/et_pb_image][\/et_pb_column][et_pb_column type=&#8220;3_4&#8243;][et_pb_text admin_label=&#8220;Text&#8220; background_layout=&#8220;light&#8220; text_orientation=&#8220;left&#8220; use_border_color=&#8220;off&#8220; border_color=&#8220;#ffffff&#8220; border_style=&#8220;solid&#8220;]<\/p>\n<h2>\u00d6l Kaiser<\/h2>\n<p>Einmal j\u00e4hrlich werden bei der \u201eAb Hof\u201c Spezialmesse f\u00fcr b\u00e4uerliche Direktvermarkter die besten \u00d6le \u00d6sterreichs von einer Fachjury pr\u00e4miert.\u00a0Jede Probe wird anonym und mindestens zweimal unabh\u00e4ngig voneinander beurteilt, um die Qualit\u00e4t der Bewertung zu garantieren.<\/p>\n<p>Unser K\u00fcrbiskern\u00f6l erhielt 2013 den 1. Preis in der Kategorie \u201eK\u00fcrbiskern\u00f6l\u201c.<\/p>\n<p>2014 und 2015 wurden wir mit Silber pr\u00e4miert.<\/p>\n<p>&nbsp;<\/p>\n<p>&nbsp;<\/p>\n<p>[\/et_pb_text][\/et_pb_column][\/et_pb_row][\/et_pb_section][et_pb_section admin_label=&#8220;section&#8220; fullwidth=&#8220;off&#8220; specialty=&#8220;off&#8220;][et_pb_row admin_label=&#8220;row&#8220;][et_pb_column type=&#8220;4_4&#8243;][et_pb_text admin_label=&#8220;Text&#8220; background_layout=&#8220;light&#8220; text_orientation=&#8220;center&#8220;]<\/p>\n<h1>Wissenswertes \u00fcber das Steirische K\u00fcrbiskern\u00f6l<\/h1>\n<p>[\/et_pb_text][\/et_pb_column][\/et_pb_row][et_pb_row admin_label=&#8220;row&#8220;][et_pb_column type=&#8220;1_3&#8243;][et_pb_testimonial admin_label=&#8220;Testimonial&#8220; url_new_window=&#8220;off&#8220; portrait_url=&#8220;http:\/\/www.edle-tropfen.at\/wordpress\/wp-content\/uploads\/2015\/03\/flaschenhals_banderole-e1427145244647.jpg&#8220; quote_icon=&#8220;off&#8220; use_background_color=&#8220;on&#8220; background_color=&#8220;#f5f5f5&#8243; background_layout=&#8220;light&#8220; text_orientation=&#8220;left&#8220;]<\/p>\n<p><b>Herkunftsschutz<\/b><\/p>\n<p>Kein anderes Lebensmittel ist von seiner Entstehung und Entwicklung so untrennbar mit der Steiermark verbunden, wie das Steirische K\u00fcrbiskern\u00f6l.\u00a0Deshalb hat die EU-Kommission bereits 1996 f\u00fcr das Steirische K\u00fcrbiskern\u00f6l die gesch\u00fctzte Regionalmarke \u201eSteirisches K\u00fcrbiskern\u00f6l g.g.A.&#8220; genehmigt.<\/p>\n<p><b><i>\u201e<\/i><\/b><b><i>g.g.A<\/i><\/b><b><i>.\u201c steht f\u00fcr gesch\u00fctzte geografische\u00a0<\/i><\/b><b><i>Angabe<\/i><\/b><b><i> und <\/i><\/b><b><i>bedeutet<\/i><\/b><b><i>:<\/i><\/b><\/p>\n<ul>\n<li><i> gesicherte Herkunft der K\u00fcrbiskerne aus einem\u00a0<\/i><i>geografisch definierten Gebiet in \u00d6sterreich<\/i><\/li>\n<li><i>K\u00fcrbiskern\u00f6l<\/i><i> hergestellt in heimischen \u00d6lm\u00fchlen<\/i><\/li>\n<li><i>100 % reines <\/i><i>K\u00fcrbiskern\u00f6l<\/i><i> aus <\/i><i>Erstpressung<\/i><\/li>\n<\/ul>\n<p>Die Banderole mit der individuellen, fortlaufenden\u00a0Kontrollnummer sichert Ihnen ein kontrolliert echtes\u00a0Steirisches K\u00fcrbiskern\u00f6l g.g.A.<\/p>\n<p>[\/et_pb_testimonial][\/et_pb_column][et_pb_column type=&#8220;1_3&#8243;][et_pb_testimonial admin_label=&#8220;Testimonial&#8220; url_new_window=&#8220;off&#8220; portrait_url=&#8220;http:\/\/www.edle-tropfen.at\/wordpress\/wp-content\/uploads\/2015\/03\/Neue-Kernoelflaschen-2015-cStefanKristoferitsch.jpg&#8220; quote_icon=&#8220;off&#8220; use_background_color=&#8220;on&#8220; background_color=&#8220;#f5f5f5&#8243; background_layout=&#8220;light&#8220; text_orientation=&#8220;left&#8220;]<\/p>\n<p><b>Die richtige Lagerung<\/b><\/p>\n<p>Durch das Einwirken von Sauerstoff, W\u00e4rme und Licht wird der Vorgang des Ranzig-werdens beim K\u00fcrbiskern\u00f6l beschleunigt. Deshalb sollte Steirisches K\u00fcrbiskern\u00f6l g.g.A. immer lichtgesch\u00fctzt, in dunklen Flaschen und luftdicht verschlossen gelagert werden.<\/p>\n<p>Bei k\u00fchler Lagerung (unter 20\u00b0C) ist eine Haltbarkeit von 9 \u2013 12 Monaten bei original verschlossenen Flaschen durchaus m\u00f6glich. Je k\u00fcrzer die Lagerzeit, desto frischer und vollnussiger ist jedoch der Geschmack.<\/p>\n<p>Ge\u00f6ffnete Flaschen sollten innerhalb von 6 \u2013 12 Wochen verbraucht werden.<\/p>\n<p>So helfen, bei einem eher geringen Kern\u00f6lverbrauch, kleinere Gebinde von 0,5 Liter, die Qualit\u00e4t und den Genussfaktor des K\u00fcrbiskern\u00f6ls m\u00f6glichst lange zu erhalten.<\/p>\n<p>[\/et_pb_testimonial][\/et_pb_column][et_pb_column type=&#8220;1_3&#8243;][et_pb_testimonial admin_label=&#8220;Testimonial&#8220; url_new_window=&#8220;off&#8220; portrait_url=&#8220;http:\/\/www.edle-tropfen.at\/wordpress\/wp-content\/uploads\/2015\/03\/Eigenschaften_Lichterorgel_ggA-l_cPixelmaker.jpg&#8220; quote_icon=&#8220;off&#8220; use_background_color=&#8220;on&#8220; background_color=&#8220;#f5f5f5&#8243; background_layout=&#8220;light&#8220; text_orientation=&#8220;left&#8220;]<\/p>\n<p><b>Die <\/b><b>Wirkstoffe im <\/b><b>K\u00fcrbiskern\u00f6l<\/b><\/p>\n<ul>\n<li>Bis zu 65% hochwertiges, leicht verdauliches Fett<\/li>\n<li>35% hochwertiges und leicht verdauliches Eiwei\u00df<\/li>\n<li>Die wertvollen Vitamine A, B1, B2, C, Niacin, Niacin\u00e4quivalent,\u00a0Panthotens\u00e4ure, Pyroxin, Biotin<\/li>\n<li>Die wichtigen Mineralstoffe und Spurenelemente Chlor, Eisen, Fluor, Jod, Kalium, Kalzium, Kupfer, Magnesium, Mangan, Natrium, Phosphor, Selen, Schwefel, Zink. Das Vitamin A ist besonders wichtig, da es nur kurze Zeit im K\u00f6rper gespeichert wird, man es also st\u00e4ndig &#8222;nachf\u00fchren&#8220; muss.<\/li>\n<\/ul>\n<p>Es enth\u00e4lt nur 9% ges\u00e4ttigte Fetts\u00e4uren, daf\u00fcr aber 34% einfach unges\u00e4ttigte Fetts\u00e4uren, 55% zweifach unges\u00e4ttigte Fetts\u00e4uren und sogar 2% dreifach unges\u00e4ttigte Fetts\u00e4uren.<\/p>\n<p>[\/et_pb_testimonial][\/et_pb_column][\/et_pb_row][\/et_pb_section]<\/p>\n","protected":false},"excerpt":{"rendered":"<p>[et_pb_section admin_label=&#8220;section&#8220; fullwidth=&#8220;on&#8220; specialty=&#8220;off&#8220; background_color=&#8220;#ffffff&#8220; inner_shadow=&#8220;off&#8220; parallax=&#8220;off&#8220; transparent_background=&#8220;off&#8220; allow_player_pause=&#8220;off&#8220; parallax_method=&#8220;off&#8220;][et_pb_fullwidth_slider admin_label=&#8220;Fullwidth Slider&#8220; show_arrows=&#8220;on&#8220; show_pagination=&#8220;on&#8220; auto=&#8220;off&#8220; parallax=&#8220;off&#8220; parallax_method=&#8220;off&#8220; auto_ignore_hover=&#8220;off&#8220; remove_inner_shadow=&#8220;off&#8220; background_position=&#8220;default&#8220; background_size=&#8220;default&#8220; hide_content_on_mobile=&#8220;off&#8220; hide_cta_on_mobile=&#8220;off&#8220; show_image_video_mobile=&#8220;off&#8220; custom_button=&#8220;off&#8220; button_letter_spacing=&#8220;0&#8243; button_use_icon=&#8220;default&#8220; button_icon_placement=&#8220;right&#8220; button_on_hover=&#8220;on&#8220; button_letter_spacing_hover=&#8220;0&#8243;] [et_pb_slide heading=&#8220;Steirisches K\u00fcrbiskern\u00f6l g.g.A.&#8220; background_color=&#8220;#efefef&#8220; image=&#8220;http:\/\/www.edle-tropfen.at\/wordpress\/wp-content\/uploads\/2015\/03\/2050052_lmhle178_cPixelmaker.jpg&#8220; alignment=&#8220;center&#8220; background_layout=&#8220;light&#8220; allow_player_pause=&#8220;off&#8220; background_image=&#8220;http:\/\/www.edle-tropfen.at\/wordpress\/wp-content\/uploads\/2015\/03\/2050030_Krbis_164_cPixelmaker_30_transparent.png&#8220; background_position=&#8220;default&#8220; background_size=&#8220;default&#8220; header_font_select=&#8220;default&#8220; body_font_select=&#8220;default&#8220; custom_button=&#8220;off&#8220; button_font_select=&#8220;default&#8220; button_use_icon=&#8220;default&#8220; button_icon_placement=&#8220;right&#8220; button_on_hover=&#8220;on&#8220; use_bg_overlay=&#8220;off&#8220; use_text_overlay=&#8220;off&#8220; text_border_radius=&#8220;3&#8243; header_font=&#8220;||||&#8220; body_font=&#8220;||||&#8220; button_font=&#8220;||||&#8220;] [&hellip;]<\/p>\n","protected":false},"author":1,"featured_media":0,"parent":0,"menu_order":1,"comment_status":"open","ping_status":"open","template":"","meta":[],"_links":{"self":[{"href":"https:\/\/www.edle-tropfen.at\/wordpress\/index.php?rest_route=\/wp\/v2\/pages\/216"}],"collection":[{"href":"https:\/\/www.edle-tropfen.at\/wordpress\/index.php?rest_route=\/wp\/v2\/pages"}],"about":[{"href":"https:\/\/www.edle-tropfen.at\/wordpress\/index.php?rest_route=\/wp\/v2\/types\/page"}],"author":[{"embeddable":true,"href":"https:\/\/www.edle-tropfen.at\/wordpress\/index.php?rest_route=\/wp\/v2\/users\/1"}],"replies":[{"embeddable":true,"href":"https:\/\/www.edle-tropfen.at\/wordpress\/index.php?rest_route=%2Fwp%2Fv2%2Fcomments&post=216"}],"version-history":[{"count":78,"href":"https:\/\/www.edle-tropfen.at\/wordpress\/index.php?rest_route=\/wp\/v2\/pages\/216\/revisions"}],"predecessor-version":[{"id":562,"href":"https:\/\/www.edle-tropfen.at\/wordpress\/index.php?rest_route=\/wp\/v2\/pages\/216\/revisions\/562"}],"wp:attachment":[{"href":"https:\/\/www.edle-tropfen.at\/wordpress\/index.php?rest_route=%2Fwp%2Fv2%2Fmedia&parent=216"}],"curies":[{"name":"wp","href":"https:\/\/api.w.org\/{rel}","templated":true}]}}