{"id":198,"date":"2015-03-22T08:57:51","date_gmt":"2015-03-22T07:57:51","guid":{"rendered":"http:\/\/teff.holub.co.at\/wordpress\/?page_id=198"},"modified":"2016-11-23T19:41:24","modified_gmt":"2016-11-23T18:41:24","slug":"edelbraende","status":"publish","type":"page","link":"https:\/\/www.edle-tropfen.at\/wordpress\/?page_id=198","title":{"rendered":"Edelbr\u00e4nde"},"content":{"rendered":"<p>[et_pb_section admin_label=&#8220;section&#8220; fullwidth=&#8220;on&#8220; specialty=&#8220;off&#8220; background_color=&#8220;#ffffff&#8220; inner_shadow=&#8220;off&#8220; parallax=&#8220;off&#8220; background_image=&#8220;http:\/\/www.edle-tropfen.at\/wordpress\/wp-content\/uploads\/2015\/03\/IMG_3640_DxO.jpg&#8220; transparent_background=&#8220;off&#8220; allow_player_pause=&#8220;off&#8220; parallax_method=&#8220;off&#8220; padding_mobile=&#8220;off&#8220; make_fullwidth=&#8220;off&#8220; use_custom_width=&#8220;off&#8220; width_unit=&#8220;on&#8220; make_equal=&#8220;off&#8220; use_custom_gutter=&#8220;off&#8220;][et_pb_fullwidth_slider admin_label=&#8220;Fullwidth Slider&#8220; show_arrows=&#8220;on&#8220; show_pagination=&#8220;on&#8220; auto=&#8220;off&#8220; parallax=&#8220;off&#8220; auto_ignore_hover=&#8220;off&#8220; parallax_method=&#8220;off&#8220; remove_inner_shadow=&#8220;off&#8220; background_position=&#8220;default&#8220; background_size=&#8220;default&#8220; hide_content_on_mobile=&#8220;off&#8220; hide_cta_on_mobile=&#8220;off&#8220; show_image_video_mobile=&#8220;off&#8220; custom_button=&#8220;off&#8220; button_letter_spacing=&#8220;0&#8243; button_use_icon=&#8220;default&#8220; button_icon_placement=&#8220;right&#8220; button_on_hover=&#8220;on&#8220; button_letter_spacing_hover=&#8220;0&#8243; header_font_size=&#8220;37&#8243; body_font_size=&#8220;16&#8243; button_text_size=&#8220;20&#8243; button_border_width=&#8220;2&#8243; button_border_radius=&#8220;3&#8243; button_border_radius_hover=&#8220;3&#8243;] [et_pb_slide heading=&#8220;Edelbr\u00e4nde aus unserer hauseigenen Brennerei!&#8220; background_color=&#8220;#efefef&#8220; image=&#8220;http:\/\/www.edle-tropfen.at\/wordpress\/wp-content\/uploads\/2015\/03\/IMG_3723_DxO.jpg&#8220; alignment=&#8220;center&#8220; background_layout=&#8220;light&#8220; background_image=&#8220;http:\/\/www.edle-tropfen.at\/wordpress\/wp-content\/uploads\/2015\/03\/slider_bg.png&#8220; background_position=&#8220;default&#8220; background_size=&#8220;default&#8220; allow_player_pause=&#8220;off&#8220; header_font_select=&#8220;default&#8220; body_font_select=&#8220;default&#8220; custom_button=&#8220;off&#8220; button_font_select=&#8220;default&#8220; button_use_icon=&#8220;default&#8220; button_icon_placement=&#8220;right&#8220; button_on_hover=&#8220;on&#8220;]<\/p>\n<p>Seit 2008 produzieren wir Edelbr\u00e4nde die durch klare Aromen und nat\u00fcrlicher Milde \u00fcberzeugen.<\/p>\n<p>[\/et_pb_slide] [\/et_pb_fullwidth_slider][\/et_pb_section][et_pb_section admin_label=&#8220;section&#8220; fullwidth=&#8220;off&#8220; specialty=&#8220;off&#8220;][et_pb_row admin_label=&#8220;row&#8220;][et_pb_column type=&#8220;1_3&#8243;][et_pb_blurb admin_label=&#8220;Blurb&#8220; title=&#8220;h\u00f6chste Qualit\u00e4t&#8220; url_new_window=&#8220;off&#8220; use_icon=&#8220;off&#8220; font_icon=&#8220;\ue00e&#8220; icon_color=&#8220;#2ea3f2&#8243; use_circle=&#8220;off&#8220; circle_color=&#8220;#108bf5&#8243; use_circle_border=&#8220;off&#8220; circle_border_color=&#8220;#108bf5&#8243; icon_placement=&#8220;left&#8220; animation=&#8220;top&#8220; background_layout=&#8220;light&#8220; text_orientation=&#8220;center&#8220; image=&#8220;http:\/\/www.edle-tropfen.at\/wordpress\/wp-content\/uploads\/2015\/03\/healthy-food12.png&#8220; use_icon_font_size=&#8220;off&#8220; use_border_color=&#8220;off&#8220; border_color=&#8220;#ffffff&#8220; border_style=&#8220;solid&#8220;]<\/p>\n<p>F\u00fcr unsere Edelbr\u00e4nde verwenden wir nur\u00a0nat\u00fcrlich gereiftes und aromatisches Obst\u00a0von unserem\u00a0und den umliegenden H\u00f6fen.<\/p>\n<p>[\/et_pb_blurb][\/et_pb_column][et_pb_column type=&#8220;1_3&#8243;][et_pb_blurb admin_label=&#8220;Blurb&#8220; title=&#8220;Perfektion&#8220; url_new_window=&#8220;off&#8220; use_icon=&#8220;off&#8220; font_icon=&#8220;1&#8243; icon_color=&#8220;#2ea3f2&#8243; use_circle=&#8220;off&#8220; circle_color=&#8220;#108bf5&#8243; use_circle_border=&#8220;off&#8220; circle_border_color=&#8220;#108bf5&#8243; icon_placement=&#8220;left&#8220; animation=&#8220;top&#8220; background_layout=&#8220;light&#8220; text_orientation=&#8220;center&#8220; image=&#8220;http:\/\/www.edle-tropfen.at\/wordpress\/wp-content\/uploads\/2015\/03\/wine65.png&#8220; use_icon_font_size=&#8220;off&#8220; use_border_color=&#8220;off&#8220; border_color=&#8220;#ffffff&#8220; border_style=&#8220;solid&#8220;]<\/p>\n<p>Alle Schritte der Herstellung wurden in unserer hauseigenen Brennerei perfektioniert.<\/p>\n<p>[\/et_pb_blurb][\/et_pb_column][et_pb_column type=&#8220;1_3&#8243;][et_pb_blurb admin_label=&#8220;Blurb&#8220; title=&#8220;Pr\u00e4miert&#8220; url_new_window=&#8220;off&#8220; use_icon=&#8220;off&#8220; font_icon=&#8220;\ue00b&#8220; icon_color=&#8220;#2ea3f2&#8243; use_circle=&#8220;off&#8220; circle_color=&#8220;#108bf5&#8243; use_circle_border=&#8220;off&#8220; circle_border_color=&#8220;#108bf5&#8243; icon_placement=&#8220;left&#8220; animation=&#8220;top&#8220; background_layout=&#8220;light&#8220; text_orientation=&#8220;center&#8220; image=&#8220;http:\/\/www.edle-tropfen.at\/wordpress\/wp-content\/uploads\/2015\/03\/insignia.png&#8220; use_icon_font_size=&#8220;off&#8220; use_border_color=&#8220;off&#8220; border_color=&#8220;#ffffff&#8220; border_style=&#8220;solid&#8220;]<\/p>\n<p>Gold-Auszeichnungen bei den Mostbarkeiten 2015<\/p>\n<p>[\/et_pb_blurb][\/et_pb_column][\/et_pb_row][\/et_pb_section][et_pb_section admin_label=&#8220;section&#8220; fullwidth=&#8220;off&#8220; specialty=&#8220;off&#8220; background_color=&#8220;#f3f3f3&#8243; inner_shadow=&#8220;on&#8220; parallax=&#8220;off&#8220;][et_pb_row admin_label=&#8220;row&#8220; make_fullwidth=&#8220;on&#8220; use_custom_width=&#8220;off&#8220; width_unit=&#8220;on&#8220; use_custom_gutter=&#8220;off&#8220; padding_mobile=&#8220;off&#8220; allow_player_pause=&#8220;off&#8220; parallax=&#8220;off&#8220; parallax_method=&#8220;off&#8220; make_equal=&#8220;off&#8220; column_padding_mobile=&#8220;on&#8220;][et_pb_column type=&#8220;1_3&#8243;][et_pb_image admin_label=&#8220;Bild&#8220; src=&#8220;http:\/\/www.edle-tropfen.at\/wordpress\/wp-content\/uploads\/2015\/03\/Mostbarkeiten.jpg&#8220; show_in_lightbox=&#8220;off&#8220; url_new_window=&#8220;off&#8220; animation=&#8220;left&#8220; sticky=&#8220;off&#8220; align=&#8220;left&#8220; force_fullwidth=&#8220;off&#8220; always_center_on_mobile=&#8220;on&#8220; use_border_color=&#8220;off&#8220; border_color=&#8220;#ffffff&#8220; border_style=&#8220;solid&#8220;] [\/et_pb_image][\/et_pb_column][et_pb_column type=&#8220;2_3&#8243;][et_pb_text admin_label=&#8220;Text&#8220; background_layout=&#8220;light&#8220; text_orientation=&#8220;left&#8220; use_border_color=&#8220;off&#8220; border_color=&#8220;#ffffff&#8220; border_style=&#8220;solid&#8220;]<\/p>\n<h1>GOLD Auszeichnung f\u00fcr unseren Kriecherl- und Pfirsichbrand<\/h1>\n<p><b><i>&#8222;Der Weg zur Vollkommenheit und zu jedem Fortschritt ist fortw\u00e4hrende Selbstkritik.&#8220;<\/i><\/b><br \/>\nKurt Schwitters (1887-1948), dt. Maler u. Schriftsteller<\/p>\n<p>Nach diesem Motto veranstalten die Mostbarkeiten Jahr f\u00fcr Jahr eine gro\u00df angelegte Verkostung. Unter der Pr\u00e4misse der Selbstkritik und dem Vergleich mit anderen Produkten wird es allen beteiligten m\u00f6glich, ihre Produkte kritisch zu betrachten und die Meinung von Experten einzuholen<\/p>\n<p>[\/et_pb_text][\/et_pb_column][\/et_pb_row][\/et_pb_section][et_pb_section admin_label=&#8220;section&#8220; fullwidth=&#8220;off&#8220; specialty=&#8220;off&#8220; inner_shadow=&#8220;on&#8220; parallax=&#8220;off&#8220; transparent_background=&#8220;off&#8220; allow_player_pause=&#8220;off&#8220; parallax_method=&#8220;off&#8220; padding_mobile=&#8220;off&#8220; make_fullwidth=&#8220;off&#8220; use_custom_width=&#8220;off&#8220; width_unit=&#8220;on&#8220; make_equal=&#8220;off&#8220; use_custom_gutter=&#8220;off&#8220;][et_pb_row admin_label=&#8220;row&#8220;][et_pb_column type=&#8220;4_4&#8243;][et_pb_text admin_label=&#8220;Text&#8220; background_layout=&#8220;light&#8220; text_orientation=&#8220;center&#8220; use_border_color=&#8220;off&#8220; border_color=&#8220;#ffffff&#8220; border_style=&#8220;solid&#8220;]<\/p>\n<h1><span style=\"color: #9a001f;\">Sorten und Varianten unserer Edelbr\u00e4nde<\/span><\/h1>\n<p>Wir stellen verschieden Sorten von Edelbr\u00e4nden in unserer hauseigenen Brennerei f\u00fcr Sie her. Durch die Lagerung der Br\u00e4nde, sowie deren Weiterverarbeitung entstehen verschiedene Varianten.<\/p>\n<p>[\/et_pb_text][\/et_pb_column][\/et_pb_row][et_pb_row admin_label=&#8220;row&#8220; make_fullwidth=&#8220;off&#8220; use_custom_width=&#8220;off&#8220; width_unit=&#8220;on&#8220; use_custom_gutter=&#8220;off&#8220; gutter_width=&#8220;3&#8243; padding_mobile=&#8220;off&#8220; custom_margin=&#8220;||1px|&#8220; allow_player_pause=&#8220;off&#8220; parallax=&#8220;off&#8220; parallax_method=&#8220;off&#8220; make_equal=&#8220;off&#8220; parallax_1=&#8220;off&#8220; parallax_method_1=&#8220;off&#8220; parallax_2=&#8220;off&#8220; parallax_method_2=&#8220;off&#8220; parallax_3=&#8220;off&#8220; parallax_method_3=&#8220;off&#8220; column_padding_mobile=&#8220;on&#8220;][et_pb_column type=&#8220;1_3&#8243;][et_pb_testimonial admin_label=&#8220;Testimonial&#8220; url_new_window=&#8220;off&#8220; quote_icon=&#8220;off&#8220; use_background_color=&#8220;on&#8220; background_color=&#8220;#f5f5f5&#8243; background_layout=&#8220;light&#8220; text_orientation=&#8220;left&#8220; use_border_color=&#8220;off&#8220; border_color=&#8220;#ffffff&#8220; border_style=&#8220;solid&#8220; portrait_url=&#8220;http:\/\/www.edle-tropfen.at\/wordpress\/wp-content\/uploads\/2015\/03\/DSC_0003-e1444146848580.jpg&#8220;]<\/p>\n<h2>Edelbr\u00e4nde<\/h2>\n<p>unsere Edelbr\u00e4nde gibt es in 0,2l, 0,35l\u00a0und 0,5l Glasflaschen in folgenden Sorten:<\/p>\n<ul>\n<li>Pfirsich<\/li>\n<li>Williams<\/li>\n<li>Zwetschke<\/li>\n<li>steirische Kriecherl<\/li>\n<li>Quitte<\/li>\n<li>Marille<\/li>\n<li>Holunder<\/li>\n<li>Kronprinz Rudolf<\/li>\n<li>Kirsche<\/li>\n<li>K\u00fcrbiskern<\/li>\n<\/ul>\n<p>[\/et_pb_testimonial][\/et_pb_column][et_pb_column type=&#8220;1_3&#8243;][et_pb_testimonial admin_label=&#8220;Testimonial&#8220; url_new_window=&#8220;off&#8220; quote_icon=&#8220;off&#8220; use_background_color=&#8220;on&#8220; background_color=&#8220;#f5f5f5&#8243; background_layout=&#8220;light&#8220; text_orientation=&#8220;left&#8220; use_border_color=&#8220;off&#8220; border_color=&#8220;#ffffff&#8220; border_style=&#8220;solid&#8220; portrait_url=&#8220;http:\/\/www.edle-tropfen.at\/wordpress\/wp-content\/uploads\/2015\/03\/Fass.jpg&#8220;]<\/p>\n<h2>Edelbr\u00e4nde in Holz<\/h2>\n<p>diese besonderen Edelbr\u00e4nde werden in Holzf\u00e4ssern gelagert um Ihnen ein besonderes Aroma zu verleihen.<\/p>\n<ul>\n<li>Zwetschke &#8211; im Zwetschkenholzfass gelagert<\/li>\n<li>Apfel &#8211; im Maulbeerholzfass gelagert<\/li>\n<li>Apfel &#8211; im Eichenholzfass gelagert<\/li>\n<\/ul>\n<p>[\/et_pb_testimonial][\/et_pb_column][et_pb_column type=&#8220;1_3&#8243;][et_pb_testimonial admin_label=&#8220;Testimonial&#8220; url_new_window=&#8220;off&#8220; quote_icon=&#8220;off&#8220; use_background_color=&#8220;on&#8220; background_color=&#8220;#f5f5f5&#8243; background_layout=&#8220;light&#8220; text_orientation=&#8220;left&#8220; use_border_color=&#8220;off&#8220; border_color=&#8220;#ffffff&#8220; border_style=&#8220;solid&#8220; portrait_url=&#8220;http:\/\/www.edle-tropfen.at\/wordpress\/wp-content\/uploads\/2015\/03\/likoer.jpg&#8220; portrait_border_radius=&#8220;90&#8243; portrait_width=&#8220;118&#8243; portrait_height=&#8220;120&#8243; body_font_size=&#8220;14&#8243;]<\/p>\n<h2>Lik\u00f6re<\/h2>\n<p>Auch k\u00f6stliche Lik\u00f6re werden bei uns am Hof hergestellt.<\/p>\n<ul>\n<li>Holunder<\/li>\n<li>Nuss<\/li>\n<li>Aronia<\/li>\n<li>Weichsel<\/li>\n<li>Dirndl<\/li>\n<\/ul>\n<p>[\/et_pb_testimonial][\/et_pb_column][\/et_pb_row][\/et_pb_section]<\/p>\n","protected":false},"excerpt":{"rendered":"<p>[et_pb_section admin_label=&#8220;section&#8220; fullwidth=&#8220;on&#8220; specialty=&#8220;off&#8220; background_color=&#8220;#ffffff&#8220; inner_shadow=&#8220;off&#8220; parallax=&#8220;off&#8220; background_image=&#8220;http:\/\/www.edle-tropfen.at\/wordpress\/wp-content\/uploads\/2015\/03\/IMG_3640_DxO.jpg&#8220; transparent_background=&#8220;off&#8220; allow_player_pause=&#8220;off&#8220; parallax_method=&#8220;off&#8220; padding_mobile=&#8220;off&#8220; make_fullwidth=&#8220;off&#8220; use_custom_width=&#8220;off&#8220; width_unit=&#8220;on&#8220; make_equal=&#8220;off&#8220; use_custom_gutter=&#8220;off&#8220;][et_pb_fullwidth_slider admin_label=&#8220;Fullwidth Slider&#8220; show_arrows=&#8220;on&#8220; show_pagination=&#8220;on&#8220; auto=&#8220;off&#8220; parallax=&#8220;off&#8220; auto_ignore_hover=&#8220;off&#8220; parallax_method=&#8220;off&#8220; remove_inner_shadow=&#8220;off&#8220; background_position=&#8220;default&#8220; background_size=&#8220;default&#8220; hide_content_on_mobile=&#8220;off&#8220; hide_cta_on_mobile=&#8220;off&#8220; show_image_video_mobile=&#8220;off&#8220; custom_button=&#8220;off&#8220; button_letter_spacing=&#8220;0&#8243; button_use_icon=&#8220;default&#8220; button_icon_placement=&#8220;right&#8220; button_on_hover=&#8220;on&#8220; button_letter_spacing_hover=&#8220;0&#8243; header_font_size=&#8220;37&#8243; body_font_size=&#8220;16&#8243; button_text_size=&#8220;20&#8243; button_border_width=&#8220;2&#8243; button_border_radius=&#8220;3&#8243; button_border_radius_hover=&#8220;3&#8243;] [et_pb_slide heading=&#8220;Edelbr\u00e4nde aus unserer hauseigenen Brennerei!&#8220; background_color=&#8220;#efefef&#8220; image=&#8220;http:\/\/www.edle-tropfen.at\/wordpress\/wp-content\/uploads\/2015\/03\/IMG_3723_DxO.jpg&#8220; alignment=&#8220;center&#8220; background_layout=&#8220;light&#8220; background_image=&#8220;http:\/\/www.edle-tropfen.at\/wordpress\/wp-content\/uploads\/2015\/03\/slider_bg.png&#8220; background_position=&#8220;default&#8220; [&hellip;]<\/p>\n","protected":false},"author":1,"featured_media":0,"parent":0,"menu_order":2,"comment_status":"open","ping_status":"closed","template":"","meta":[],"_links":{"self":[{"href":"https:\/\/www.edle-tropfen.at\/wordpress\/index.php?rest_route=\/wp\/v2\/pages\/198"}],"collection":[{"href":"https:\/\/www.edle-tropfen.at\/wordpress\/index.php?rest_route=\/wp\/v2\/pages"}],"about":[{"href":"https:\/\/www.edle-tropfen.at\/wordpress\/index.php?rest_route=\/wp\/v2\/types\/page"}],"author":[{"embeddable":true,"href":"https:\/\/www.edle-tropfen.at\/wordpress\/index.php?rest_route=\/wp\/v2\/users\/1"}],"replies":[{"embeddable":true,"href":"https:\/\/www.edle-tropfen.at\/wordpress\/index.php?rest_route=%2Fwp%2Fv2%2Fcomments&post=198"}],"version-history":[{"count":20,"href":"https:\/\/www.edle-tropfen.at\/wordpress\/index.php?rest_route=\/wp\/v2\/pages\/198\/revisions"}],"predecessor-version":[{"id":565,"href":"https:\/\/www.edle-tropfen.at\/wordpress\/index.php?rest_route=\/wp\/v2\/pages\/198\/revisions\/565"}],"wp:attachment":[{"href":"https:\/\/www.edle-tropfen.at\/wordpress\/index.php?rest_route=%2Fwp%2Fv2%2Fmedia&parent=198"}],"curies":[{"name":"wp","href":"https:\/\/api.w.org\/{rel}","templated":true}]}}