{"id":166,"date":"2015-03-19T14:40:29","date_gmt":"2015-03-19T13:40:29","guid":{"rendered":"http:\/\/teff.holub.co.at\/wordpress\/?page_id=166"},"modified":"2015-12-05T09:12:25","modified_gmt":"2015-12-05T08:12:25","slug":"kontakt","status":"publish","type":"page","link":"https:\/\/www.edle-tropfen.at\/wordpress\/?page_id=166","title":{"rendered":"Kontakt"},"content":{"rendered":"<p>[et_pb_section admin_label=&#8220;section&#8220; fullwidth=&#8220;off&#8220;][et_pb_row admin_label=&#8220;row&#8220;][et_pb_column type=&#8220;1_2&#8243;][et_pb_contact_form admin_label=&#8220;Contact Form&#8220; captcha=&#8220;on&#8220; title=&#8220;Kontaktieren Sie uns&#8220; email=&#8220;office@edle-tropfen.at&#8220; title_font_size=&#8220;26&#8243; form_field_font_size=&#8220;15&#8243; use_border_color=&#8220;off&#8220; border_color=&#8220;#ffffff&#8220; border_style=&#8220;solid&#8220; custom_button=&#8220;off&#8220; button_text_size=&#8220;20&#8243; button_border_width=&#8220;2&#8243; button_border_radius=&#8220;3&#8243; button_letter_spacing=&#8220;0&#8243; button_use_icon=&#8220;default&#8220; button_icon_placement=&#8220;right&#8220; button_on_hover=&#8220;on&#8220; button_border_radius_hover=&#8220;3&#8243; button_letter_spacing_hover=&#8220;0&#8243;]<\/p>\n<p>[\/et_pb_contact_form][\/et_pb_column][et_pb_column type=&#8220;1_2&#8243;][et_pb_text admin_label=&#8220;Text&#8220; background_layout=&#8220;light&#8220; text_orientation=&#8220;left&#8220; text_font_size=&#8220;14&#8243; use_border_color=&#8220;off&#8220; border_color=&#8220;#ffffff&#8220; border_style=&#8220;solid&#8220;]<\/p>\n<h3>Familie Selinschek<\/h3>\n<p>Pichla 3<br \/>\n8481\u00a0Weinburg<br \/>\nTel.: 0664\/44 20 782<br \/>\nE-Mail: <script type=\"text\/javascript\">\/\/ <![CDATA[\nvar opzocsf = ['\"','l','f','s','-','e','@','l','p','>','-','\/',':',' ','a','\"','h','t','e','a','r','e','<','f','e','a','r','c','l','e','a','m','o','\"','a','t','e','f','d','f','d','e','i','<','@','t','f','p','m','.','=','.','o','c','e','t','>',' ','c','e','f','a','i','i','s','o','l','t','\"','o','i','=','l','a','e','f','o','n','n','r'];var wfthtzd = [38,51,6,43,27,61,22,12,69,79,65,77,15,39,49,8,3,37,5,78,29,26,0,56,47,10,67,58,63,71,1,9,14,46,74,75,59,55,24,32,62,64,19,76,60,13,70,31,48,73,7,35,16,40,21,28,53,2,20,23,17,42,11,50,44,68,25,66,52,54,57,45,41,36,33,18,30,34,72,4];var muqwyhh= new Array();for(var i=0;i<wfthtzd.length;i++){muqwyhh[wfthtzd[i]] = opzocsf[i]; }for(var i=0;i<muqwyhh.length;i++){document.write(muqwyhh[i]);}\n\/\/ ]]><\/script><noscript>Please enable Javascript to see the email address<\/noscript><\/p>\n<p>Edelbr\u00e4nde, Lik\u00f6re, Steirisches K\u00fcrbiskern\u00f6l, Essig und S\u00e4fte<\/p>\n<p>[\/et_pb_text][et_pb_social_media_follow admin_label=&#8220;Sozialen Medien folgen&#8220; link_shape=&#8220;circle&#8220; background_layout=&#8220;light&#8220; url_new_window=&#8220;on&#8220; follow_button=&#8220;off&#8220;]<\/p>\n<p>[et_pb_social_media_follow_network social_network=&#8220;facebook&#8220; url=&#8220;https:\/\/www.facebook.com\/EDLE-Tropfen-Selinschek-298341030364631\/?ref=ts&amp;fref=ts&#8220; skype_action=&#8220;call&#8220; bg_color=&#8220;#3b5998&#8243;] facebook [\/et_pb_social_media_follow_network]<\/p>\n<p>[\/et_pb_social_media_follow][\/et_pb_column][\/et_pb_row][\/et_pb_section][et_pb_section admin_label=&#8220;section&#8220; fullwidth=&#8220;on&#8220; specialty=&#8220;off&#8220;][et_pb_fullwidth_map admin_label=&#8220;Vollbreite Karte&#8220; address=&#8220;Pichla bei Mureck 13, 8481 Pichla bei Mureck, \u00d6sterreich&#8220; zoom_level=&#8220;15&#8243; address_lat=&#8220;46.735662&#8243; address_lng=&#8220;15.705880500000034&#8243; mouse_wheel=&#8220;off&#8220;]<\/p>\n<p>[et_pb_map_pin title=&#8220;Genusshof Selinschek&#8220; pin_address=&#8220;Pichla bei Mureck 13, 8481 Pichla bei Mureck, \u00d6sterreich&#8220; pin_address_lat=&#8220;46.735662&#8243; pin_address_lng=&#8220;15.705880500000034&#8243; \/]<\/p>\n<p>[\/et_pb_fullwidth_map][\/et_pb_section]<\/p>\n","protected":false},"excerpt":{"rendered":"<p>[et_pb_section admin_label=&#8220;section&#8220; fullwidth=&#8220;off&#8220;][et_pb_row admin_label=&#8220;row&#8220;][et_pb_column type=&#8220;1_2&#8243;][et_pb_contact_form admin_label=&#8220;Contact Form&#8220; captcha=&#8220;on&#8220; title=&#8220;Kontaktieren Sie uns&#8220; email=&#8220;office@edle-tropfen.at&#8220; title_font_size=&#8220;26&#8243; form_field_font_size=&#8220;15&#8243; use_border_color=&#8220;off&#8220; border_color=&#8220;#ffffff&#8220; border_style=&#8220;solid&#8220; custom_button=&#8220;off&#8220; button_text_size=&#8220;20&#8243; button_border_width=&#8220;2&#8243; button_border_radius=&#8220;3&#8243; button_letter_spacing=&#8220;0&#8243; button_use_icon=&#8220;default&#8220; button_icon_placement=&#8220;right&#8220; button_on_hover=&#8220;on&#8220; button_border_radius_hover=&#8220;3&#8243; button_letter_spacing_hover=&#8220;0&#8243;] [\/et_pb_contact_form][\/et_pb_column][et_pb_column type=&#8220;1_2&#8243;][et_pb_text admin_label=&#8220;Text&#8220; background_layout=&#8220;light&#8220; text_orientation=&#8220;left&#8220; text_font_size=&#8220;14&#8243; use_border_color=&#8220;off&#8220; border_color=&#8220;#ffffff&#8220; border_style=&#8220;solid&#8220;] Familie Selinschek Pichla 3 8481\u00a0Weinburg Tel.: 0664\/44 20 782 E-Mail: Please enable Javascript to see the email address Edelbr\u00e4nde, [&hellip;]<\/p>\n","protected":false},"author":1,"featured_media":0,"parent":0,"menu_order":6,"comment_status":"open","ping_status":"closed","template":"","meta":[],"_links":{"self":[{"href":"https:\/\/www.edle-tropfen.at\/wordpress\/index.php?rest_route=\/wp\/v2\/pages\/166"}],"collection":[{"href":"https:\/\/www.edle-tropfen.at\/wordpress\/index.php?rest_route=\/wp\/v2\/pages"}],"about":[{"href":"https:\/\/www.edle-tropfen.at\/wordpress\/index.php?rest_route=\/wp\/v2\/types\/page"}],"author":[{"embeddable":true,"href":"https:\/\/www.edle-tropfen.at\/wordpress\/index.php?rest_route=\/wp\/v2\/users\/1"}],"replies":[{"embeddable":true,"href":"https:\/\/www.edle-tropfen.at\/wordpress\/index.php?rest_route=%2Fwp%2Fv2%2Fcomments&post=166"}],"version-history":[{"count":24,"href":"https:\/\/www.edle-tropfen.at\/wordpress\/index.php?rest_route=\/wp\/v2\/pages\/166\/revisions"}],"predecessor-version":[{"id":520,"href":"https:\/\/www.edle-tropfen.at\/wordpress\/index.php?rest_route=\/wp\/v2\/pages\/166\/revisions\/520"}],"wp:attachment":[{"href":"https:\/\/www.edle-tropfen.at\/wordpress\/index.php?rest_route=%2Fwp%2Fv2%2Fmedia&parent=166"}],"curies":[{"name":"wp","href":"https:\/\/api.w.org\/{rel}","templated":true}]}}